{"id":2,"date":"2024-05-20T23:37:36","date_gmt":"2024-05-20T21:37:36","guid":{"rendered":"http:\/\/prosoftservices.fr\/?page_id=2"},"modified":"2025-06-29T02:17:32","modified_gmt":"2025-06-29T00:17:32","slug":"logiciel-de-caisse-pour-restaurateurs","status":"publish","type":"page","link":"https:\/\/prosoftservices.fr\/index.php\/home\/logiciel-de-caisse-pour-restaurateurs\/","title":{"rendered":"Logiciel de caisse"},"content":{"rendered":"\n<h2 class=\"wp-block-heading\">GOLDPOS : Le logiciel de caisse tout-en-un, pens\u00e9 pour les commer\u00e7ants modernes<\/h2>\n\n\n\n<div style=\"height:100px\" aria-hidden=\"true\" class=\"wp-block-spacer\"><\/div>\n\n\n\n<h4 class=\"wp-block-heading\"><strong>Commer\u00e7ants, restaurateurs, boulangers, salons de coiffure&#8230;<\/strong><\/h4>\n\n\n\n<p><\/p>\n\n\n\n<p>Simplifiez la gestion de votre activit\u00e9 avec <strong>GOLDPOS<\/strong>, un logiciel de caisse certifi\u00e9 NF525, ergonomique et intelligent.<\/p>\n\n\n\n<figure class=\"wp-block-image size-large\"><img loading=\"lazy\" decoding=\"async\" width=\"1024\" height=\"559\" src=\"https:\/\/prosoftservices.fr\/wp-content\/uploads\/2025\/06\/capture-goldpos-1024x559.png\" alt=\"\" class=\"wp-image-416\" srcset=\"https:\/\/prosoftservices.fr\/wp-content\/uploads\/2025\/06\/capture-goldpos-1024x559.png 1024w, https:\/\/prosoftservices.fr\/wp-content\/uploads\/2025\/06\/capture-goldpos-300x164.png 300w, https:\/\/prosoftservices.fr\/wp-content\/uploads\/2025\/06\/capture-goldpos-768x419.png 768w, https:\/\/prosoftservices.fr\/wp-content\/uploads\/2025\/06\/capture-goldpos-1536x839.png 1536w, https:\/\/prosoftservices.fr\/wp-content\/uploads\/2025\/06\/capture-goldpos-2048x1118.png 2048w, https:\/\/prosoftservices.fr\/wp-content\/uploads\/2025\/06\/capture-goldpos-600x328.png 600w\" sizes=\"auto, (max-width: 1024px) 100vw, 1024px\" \/><\/figure>\n\n\n\n<div style=\"height:100px\" aria-hidden=\"true\" class=\"wp-block-spacer\"><\/div>\n\n\n\n<h3 class=\"wp-block-heading has-text-align-center\"><mark style=\"background-color:rgba(0, 0, 0, 0)\" class=\"has-inline-color has-luminous-vivid-orange-color\">\u2705 Fonctionnalit\u00e9s principales<\/mark><\/h3>\n\n\n\n<p><\/p>\n\n\n\n<ul class=\"wp-block-list\">\n<li><strong>Gestion compl\u00e8te de votre catalogue produits\/services<\/strong><\/li>\n\n\n\n<li><strong>Cr\u00e9ation facile de remises et de codes promo<\/strong><\/li>\n\n\n\n<li><strong>Suivi pr\u00e9cis des ventes en temps r\u00e9el<\/strong><\/li>\n\n\n\n<li><strong>Fid\u00e9lisation client et historique d\u2019achat int\u00e9gr\u00e9<\/strong><\/li>\n\n\n\n<li><strong>Facturation rapide, conforme et s\u00e9curis\u00e9e<\/strong><\/li>\n<\/ul>\n\n\n\n<h3 class=\"wp-block-heading has-text-align-center\"><mark style=\"background-color:rgba(0, 0, 0, 0)\" class=\"has-inline-color has-luminous-vivid-orange-color\">\ud83e\udde0 Modules int\u00e9gr\u00e9s intelligents<\/mark><\/h3>\n\n\n\n<p><\/p>\n\n\n\n<ul class=\"wp-block-list\">\n<li>\ud83d\udcca <strong>Statistiques avanc\u00e9es<\/strong> : Visualisez vos ventes avec des graphiques clairs et actionnables<\/li>\n<\/ul>\n\n\n\n<ul class=\"wp-block-list\">\n<li>\ud83e\udd16 <strong>Recommandations IA<\/strong> : GOLDPOS analyse vos donn\u00e9es pour pr\u00e9dire vos ventes et sugg\u00e9rer des promotions pertinentes<\/li>\n<\/ul>\n\n\n\n<ul class=\"wp-block-list\">\n<li>\ud83c\udfaf <strong>Fid\u00e9lit\u00e9 intelligente \u2013 MaCarte+<\/strong> : Fid\u00e9lisez vos clients avec un syst\u00e8me ludique qui booste aussi vos <strong>avis Google<\/strong><\/li>\n<\/ul>\n\n\n\n<h3 class=\"wp-block-heading has-text-align-center\"><mark style=\"background-color:rgba(0, 0, 0, 0)\" class=\"has-inline-color has-luminous-vivid-orange-color\">\ud83d\udd12 Conformit\u00e9 &amp; Performance<\/mark><\/h3>\n\n\n\n<p><\/p>\n\n\n\n<ul class=\"wp-block-list\">\n<li>Certifi\u00e9 <strong>NF525<\/strong>, GOLDPOS garantit la s\u00e9curit\u00e9 et la tra\u00e7abilit\u00e9 de vos encaissements.<\/li>\n<\/ul>\n\n\n\n<ul class=\"wp-block-list\">\n<li>Fonctionne en <strong>mode cloud <\/strong><\/li>\n<\/ul>\n\n\n\n<ul class=\"wp-block-list\">\n<li><strong>Compatible<\/strong> avec tous vos \u00e9quipements : imprimantes tickets, tiroirs-caisses, TPE, \u00e9crans, tablettes<\/li>\n<\/ul>\n\n\n\n<h3 class=\"wp-block-heading has-text-align-center\"><mark style=\"background-color:rgba(0, 0, 0, 0)\" class=\"has-inline-color has-luminous-vivid-orange-color\">\ud83c\udf1f Pourquoi choisir GOLDPOS ?<\/mark><\/h3>\n\n\n\n<p><\/p>\n\n\n\n<ul class=\"wp-block-list\">\n<li>Interface <strong>tr\u00e8s ergonomique<\/strong> et intuitive<\/li>\n<\/ul>\n\n\n\n<ul class=\"wp-block-list\">\n<li><strong>Support client r\u00e9actif<\/strong> bas\u00e9 en France<\/li>\n<\/ul>\n\n\n\n<ul class=\"wp-block-list\">\n<li>D\u00e9ploiement rapide et adapt\u00e9 \u00e0 votre m\u00e9tier<\/li>\n<\/ul>\n\n\n\n<p><\/p>\n\n\n\n<h3 class=\"wp-block-heading has-text-align-center\"><mark style=\"background-color:rgba(0, 0, 0, 0)\" class=\"has-inline-color has-luminous-vivid-orange-color\">\ud83d\udce6 Nos Packs GOLDPOS<\/mark><\/h3>\n\n\n\n<div style=\"height:100px\" aria-hidden=\"true\" class=\"wp-block-spacer\"><\/div>\n\n\n\n<div class=\"wp-block-columns is-layout-flex wp-container-core-columns-is-layout-9d6595d7 wp-block-columns-is-layout-flex\">\n<div class=\"wp-block-column is-layout-flow wp-block-column-is-layout-flow\">\t\t<div class='wp-block-services-section-services  align' id='ssbServices-2dcc5f77-5' data-attributes='{&quot;cId&quot;:&quot;2dcc5f77-5&quot;,&quot;align&quot;:&quot;&quot;,&quot;layout&quot;:&quot;default&quot;,&quot;columns&quot;:{&quot;desktop&quot;:3,&quot;tablet&quot;:2,&quot;mobile&quot;:1},&quot;columnGap&quot;:&quot;30px&quot;,&quot;rowGap&quot;:&quot;30px&quot;,&quot;background&quot;:{&quot;color&quot;:&quot;#0000&quot;},&quot;textAlign&quot;:&quot;left&quot;,&quot;itemHeight&quot;:&quot;375px&quot;,&quot;itemPadding&quot;:{&quot;side&quot;:4,&quot;top&quot;:&quot;50px&quot;,&quot;right&quot;:&quot;30px&quot;,&quot;bottom&quot;:&quot;50px&quot;,&quot;left&quot;:&quot;50px&quot;},&quot;itemBorder&quot;:{&quot;radius&quot;:&quot;15px&quot;},&quot;itemShadow&quot;:{&quot;blur&quot;:&quot;20px&quot;,&quot;color&quot;:&quot;#0000001a&quot;},&quot;iconPadding&quot;:{&quot;side&quot;:4,&quot;bottom&quot;:&quot;10px&quot;},&quot;iconMargin&quot;:{&quot;side&quot;:4,&quot;bottom&quot;:&quot;20px&quot;},&quot;titleTypo&quot;:{&quot;fontSize&quot;:{&quot;desktop&quot;:23,&quot;tablet&quot;:20,&quot;mobile&quot;:18}},&quot;titleMargin&quot;:{&quot;side&quot;:4,&quot;bottom&quot;:&quot;30px&quot;},&quot;descTypo&quot;:{&quot;fontSize&quot;:{&quot;desktop&quot;:16,&quot;tablet&quot;:16,&quot;mobile&quot;:16}}}'>\r\n\t\t\t<div class='ssbServicesStyle'><\/div>\r\n\r\n\t\t\t<div class='ssbServices default columns-3 columns-tablet-2 columns-mobile-1'>\r\n\t\t\t\t\n\t\t<div class='wp-block-services-section-service' id='ssbService-c8c5f749-2' data-attributes='{&quot;cId&quot;:&quot;c8c5f749-2&quot;,&quot;hoverBG&quot;:{&quot;type&quot;:&quot;image&quot;,&quot;image&quot;:{&quot;id&quot;:null,&quot;url&quot;:&quot;&quot;,&quot;alt&quot;:&quot;&quot;,&quot;title&quot;:&quot;&quot;},&quot;overlayColor&quot;:&quot;#0000&quot;,&quot;position&quot;:&quot;bottom left&quot;,&quot;size&quot;:&quot;auto&quot;},&quot;icon&quot;:{&quot;class&quot;:&quot;fa-solid fa-atom&quot;,&quot;fontSize&quot;:103,&quot;colorType&quot;:&quot;gradient&quot;,&quot;gradient&quot;:&quot;linear-gradient(135deg, #f9ed32, #fbb040)&quot;},&quot;title&quot;:&quot;&lt;strong&gt;&lt;span class=\\&quot;uppercase\\&quot;&gt;\\ud83d\\udd39 Pack Caisse&lt;\\\/span&gt;&lt;\\\/strong&gt;&quot;,&quot;titleColor&quot;:&quot;rgba(192, 156, 56, 1)&quot;,&quot;desc&quot;:&quot;&lt;span class=\\&quot;uppercase\\&quot;&gt;&lt;mark style=\\&quot;background-color:rgba(0, 0, 0, 0)\\&quot; class=\\&quot;has-inline-color has-luminous-vivid-orange-color\\&quot;&gt;&lt;strong&gt;\\u00e0 partir de &lt;br&gt;39,99&lt;sup&gt;\\u20ac&lt;\\\/sup&gt; &lt;sup&gt;\\\/mois &lt;\\\/sup&gt;&lt;\\\/strong&gt;&lt;\\\/mark&gt;&lt;\\\/span&gt;&lt;br&gt;&lt;span class=\\&quot;uppercase\\&quot;&gt;&lt;mark style=\\&quot;background-color:rgba(0, 0, 0, 0)\\&quot; class=\\&quot;has-inline-color has-luminous-vivid-orange-color\\&quot;&gt;&lt;strong&gt;&lt;br&gt;factur\\u00e9 mensuellement; &lt;\\\/strong&gt;&lt;br&gt;&lt;strong&gt;hors mat\\u00e9riel&lt;\\\/strong&gt;&lt;\\\/mark&gt;&lt;\\\/span&gt;&lt;mark style=\\&quot;background-color:rgba(0, 0, 0, 0)\\&quot; class=\\&quot;has-inline-color has-luminous-vivid-amber-color\\&quot;&gt;&lt;span class=\\&quot;uppercase\\&quot;&gt;&lt;strong&gt; &lt;\\\/strong&gt;&lt;\\\/span&gt;&lt;\\\/mark&gt;&lt;br&gt;&lt;br&gt;Logiciel de caisse GOLDPOS&lt;br&gt;Encaissement, gestion des stocks, gestion client&lt;br&gt;Facturation conforme &lt;strong&gt;NF525&lt;\\\/strong&gt;&lt;br&gt;&quot;,&quot;descColor&quot;:&quot;rgba(0, 0, 0, 1)&quot;,&quot;align&quot;:&quot;&quot;,&quot;background&quot;:{&quot;color&quot;:&quot;#0000&quot;},&quot;isIcon&quot;:true,&quot;isUpIcon&quot;:false,&quot;upIcon&quot;:{&quot;id&quot;:null,&quot;url&quot;:&quot;&quot;,&quot;alt&quot;:&quot;&quot;,&quot;title&quot;:&quot;&quot;},&quot;iconWidth&quot;:&quot;70px&quot;,&quot;iconBorder&quot;:[],&quot;isTitle&quot;:true,&quot;isDesc&quot;:true,&quot;isLink&quot;:true,&quot;link&quot;:&quot;#&quot;,&quot;linkIn&quot;:&quot;button&quot;,&quot;linkIconColor&quot;:&quot;#fff&quot;,&quot;linkBGColor&quot;:&quot;#d2d2d2&quot;,&quot;linkBGHovColor&quot;:&quot;#4527a4&quot;}'><\/div>\r\n\r\n\t\t\n\n\t\t<div class='wp-block-services-section-service' id='ssbService-35c887f6-f' data-attributes='{&quot;cId&quot;:&quot;35c887f6-f&quot;,&quot;hoverBG&quot;:{&quot;type&quot;:&quot;image&quot;,&quot;image&quot;:{&quot;id&quot;:null,&quot;url&quot;:&quot;&quot;,&quot;alt&quot;:&quot;&quot;,&quot;title&quot;:&quot;&quot;},&quot;overlayColor&quot;:&quot;#0000&quot;,&quot;position&quot;:&quot;bottom left&quot;,&quot;size&quot;:&quot;auto&quot;},&quot;icon&quot;:{&quot;class&quot;:&quot;fa-solid fa-arrows-turn-right&quot;,&quot;fontSize&quot;:106,&quot;colorType&quot;:&quot;gradient&quot;,&quot;gradient&quot;:&quot;linear-gradient(135deg, #f9ed32, #fbb040)&quot;},&quot;title&quot;:&quot;&lt;strong&gt;&lt;span class=\\&quot;uppercase\\&quot;&gt;\\ud83d\\udd39 Pack Avanc\\u00e9&lt;\\\/span&gt;&lt;\\\/strong&gt;&quot;,&quot;titleColor&quot;:&quot;rgba(192, 156, 56, 1)&quot;,&quot;desc&quot;:&quot;&lt;span class=\\&quot;uppercase\\&quot;&gt;&lt;mark style=\\&quot;background-color:rgba(0, 0, 0, 0)\\&quot; class=\\&quot;has-inline-color has-luminous-vivid-orange-color\\&quot;&gt;&lt;strong&gt;\\u00e0 partir de &lt;br&gt;59,9&lt;\\\/strong&gt;&lt;\\\/mark&gt;&lt;\\\/span&gt;&lt;span class=\\&quot;uppercase\\&quot;&gt;&lt;mark style=\\&quot;background-color:rgba(0, 0, 0, 0)\\&quot; class=\\&quot;has-inline-color has-luminous-vivid-orange-color\\&quot;&gt;&lt;strong&gt;9&lt;\\\/strong&gt;&lt;\\\/mark&gt;&lt;\\\/span&gt;&lt;span class=\\&quot;uppercase\\&quot;&gt;&lt;mark style=\\&quot;background-color:rgba(0, 0, 0, 0)\\&quot; class=\\&quot;has-inline-color has-luminous-vivid-orange-color\\&quot;&gt;&lt;strong&gt;&lt;sup&gt;\\u20ac&lt;\\\/sup&gt; &lt;sup&gt;\\\/mois&lt;\\\/sup&gt; &lt;\\\/strong&gt;&lt;\\\/mark&gt;&lt;\\\/span&gt;&lt;br&gt;&lt;span class=\\&quot;uppercase\\&quot;&gt;&lt;mark style=\\&quot;background-color:rgba(0, 0, 0, 0)\\&quot; class=\\&quot;has-inline-color has-luminous-vivid-orange-color\\&quot;&gt;&lt;strong&gt;&lt;br&gt;factur\\u00e9 mensuellement; &lt;\\\/strong&gt;&lt;br&gt;&lt;strong&gt;hors mat\\u00e9riel &lt;\\\/strong&gt;&lt;br&gt;&lt;\\\/mark&gt;&lt;\\\/span&gt;&lt;br&gt;Tous les \\u00e9l\\u00e9ments du Pack Caisse&lt;br&gt;\\u00c9cran cuisine connect\\u00e9&lt;br&gt;\\u00c9cran salon pour les prises en charge clients&lt;br&gt;Application livreur&quot;,&quot;align&quot;:&quot;&quot;,&quot;background&quot;:{&quot;color&quot;:&quot;#0000&quot;},&quot;isIcon&quot;:true,&quot;isUpIcon&quot;:false,&quot;upIcon&quot;:{&quot;id&quot;:null,&quot;url&quot;:&quot;&quot;,&quot;alt&quot;:&quot;&quot;,&quot;title&quot;:&quot;&quot;},&quot;iconWidth&quot;:&quot;70px&quot;,&quot;iconBorder&quot;:[],&quot;isTitle&quot;:true,&quot;isDesc&quot;:true,&quot;descColor&quot;:&quot;#333&quot;,&quot;isLink&quot;:true,&quot;link&quot;:&quot;#&quot;,&quot;linkIn&quot;:&quot;button&quot;,&quot;linkIconColor&quot;:&quot;#fff&quot;,&quot;linkBGColor&quot;:&quot;#d2d2d2&quot;,&quot;linkBGHovColor&quot;:&quot;#4527a4&quot;}'><\/div>\r\n\r\n\t\t\n\n\t\t<div class='wp-block-services-section-service' id='ssbService-85fc85c7-7' data-attributes='{&quot;cId&quot;:&quot;85fc85c7-7&quot;,&quot;background&quot;:{&quot;color&quot;:&quot;#0000&quot;,&quot;type&quot;:&quot;solid&quot;},&quot;hoverBG&quot;:{&quot;type&quot;:&quot;image&quot;,&quot;image&quot;:{&quot;id&quot;:null,&quot;url&quot;:&quot;&quot;,&quot;alt&quot;:&quot;&quot;,&quot;title&quot;:&quot;&quot;},&quot;overlayColor&quot;:&quot;#0000&quot;,&quot;position&quot;:&quot;bottom left&quot;,&quot;size&quot;:&quot;auto&quot;,&quot;color&quot;:&quot;#ff6900&quot;},&quot;icon&quot;:{&quot;class&quot;:&quot;fa-solid fa-arrow-trend-up&quot;,&quot;fontSize&quot;:103,&quot;colorType&quot;:&quot;gradient&quot;,&quot;gradient&quot;:&quot;linear-gradient(135deg, #f9ed32, #fbb040)&quot;},&quot;title&quot;:&quot;&lt;strong&gt;&lt;span class=\\&quot;uppercase\\&quot;&gt;\\ud83d\\udd39 Pack Premium &lt;\\\/span&gt;&lt;\\\/strong&gt;&quot;,&quot;titleColor&quot;:&quot;rgba(192, 156, 56, 1)&quot;,&quot;desc&quot;:&quot;&lt;strong&gt;&lt;span class=\\&quot;uppercase\\&quot;&gt;&lt;mark style=\\&quot;background-color:rgba(0, 0, 0, 0)\\&quot; class=\\&quot;has-inline-color has-luminous-vivid-orange-color\\&quot;&gt;Offre sur mesure &lt;\\\/mark&gt;&lt;\\\/span&gt;&lt;\\\/strong&gt;&lt;br&gt;&lt;br&gt;Tous les \\u00e9l\\u00e9ments du Pack Avanc\\u00e9&lt;br&gt;Module de fid\\u00e9lit\\u00e9 intelligente &lt;strong&gt;MaCarte+&lt;\\\/strong&gt;&lt;br&gt;Boosting des &lt;strong&gt;avis Google&lt;\\\/strong&gt;&lt;br&gt;Statistiques de vente avanc\\u00e9es &amp; recommandations IA&lt;br&gt;&lt;strong&gt;Borne de commande&lt;\\\/strong&gt; pour prise de commande en autonomie par les clients&quot;,&quot;link&quot;:&quot;&quot;,&quot;align&quot;:&quot;&quot;,&quot;isIcon&quot;:true,&quot;isUpIcon&quot;:false,&quot;upIcon&quot;:{&quot;id&quot;:null,&quot;url&quot;:&quot;&quot;,&quot;alt&quot;:&quot;&quot;,&quot;title&quot;:&quot;&quot;},&quot;iconWidth&quot;:&quot;70px&quot;,&quot;iconBorder&quot;:[],&quot;isTitle&quot;:true,&quot;isDesc&quot;:true,&quot;descColor&quot;:&quot;#333&quot;,&quot;isLink&quot;:true,&quot;linkIn&quot;:&quot;button&quot;,&quot;linkIconColor&quot;:&quot;#fff&quot;,&quot;linkBGColor&quot;:&quot;#d2d2d2&quot;,&quot;linkBGHovColor&quot;:&quot;#4527a4&quot;}'><\/div>\r\n\r\n\t\t\n\t\t\t<\/div>\r\n\t\t<\/div>\r\n\r\n\t\t<\/div>\n<\/div>\n\n\n\n<div style=\"height:52px\" aria-hidden=\"true\" class=\"wp-block-spacer\"><\/div>\n\n\n\n<h3 class=\"wp-block-heading has-text-align-center\"><mark style=\"background-color:rgba(0, 0, 0, 0)\" class=\"has-inline-color has-luminous-vivid-orange-color\">\ud83c\udf81 Essayez GOLDPOS gratuitement<\/mark><\/h3>\n\n\n\n<div style=\"height:52px\" aria-hidden=\"true\" class=\"wp-block-spacer\"><\/div>\n\n\n\n<p>Obtenez une d\u00e9monstration personnalis\u00e9e de notre solution.<br>\ud83d\udce9 <strong>Contactez-nous d\u00e8s maintenant pour planifier votre d\u00e9mo gratuite.<\/strong><\/p>\n\n\n\n<p><\/p>\n\n\n\n<hr class=\"wp-block-separator has-alpha-channel-opacity\"\/>\n\n\n\n<h3 class=\"wp-block-heading has-text-align-center\"><mark style=\"background-color:rgba(0, 0, 0, 0)\" class=\"has-inline-color has-luminous-vivid-orange-color\">\ud83c\uddeb\ud83c\uddf7 Est ce que l&rsquo;application est conforme \u00e0 la l\u00e9gislation fran\u00e7aise <\/mark><\/h3>\n\n\n\n<div style=\"height:41px\" aria-hidden=\"true\" class=\"wp-block-spacer\"><\/div>\n\n\n\n<p>Oui, nous d\u00e9livrons un certificat de conformit\u00e9 \u00e0 la demande via <a href=\"https:\/\/prosoftservices.fr\/index.php\/home\/demande-de-certificat-de-conformite\/\">ce formulaire<\/a>.<\/p>\n","protected":false},"excerpt":{"rendered":"<p>GOLDPOS : Le logiciel de caisse tout-en-un, pens\u00e9 pour les commer\u00e7ants modernes Commer\u00e7ants, restaurateurs, boulangers, salons de coiffure&#8230; Simplifiez la gestion de votre activit\u00e9 avec GOLDPOS, un logiciel de caisse certifi\u00e9 NF525, ergonomique et intelligent. \u2705 Fonctionnalit\u00e9s principales \ud83e\udde0 Modules int\u00e9gr\u00e9s intelligents \ud83d\udd12 Conformit\u00e9 &amp; Performance \ud83c\udf1f Pourquoi choisir GOLDPOS ? \ud83d\udce6 Nos Packs GOLDPOS [&hellip;]<\/p>\n","protected":false},"author":1,"featured_media":0,"parent":6,"menu_order":0,"comment_status":"closed","ping_status":"closed","template":"page-templates\/page-full-width.php","meta":{"_coblocks_attr":"","_coblocks_dimensions":"","_coblocks_responsive_height":"","_coblocks_accordion_ie_support":"","footnotes":""},"class_list":["post-2","page","type-page","status-publish","hentry"],"yoast_head":"<!-- This site is optimized with the Yoast SEO plugin v22.9 - https:\/\/yoast.com\/wordpress\/plugins\/seo\/ -->\n<title>Logiciel de caisse - Prosoft Services<\/title>\n<meta name=\"robots\" content=\"index, follow, max-snippet:-1, max-image-preview:large, max-video-preview:-1\" \/>\n<link rel=\"canonical\" href=\"https:\/\/prosoftservices.fr\/index.php\/home\/logiciel-de-caisse-pour-restaurateurs\/\" \/>\n<meta property=\"og:locale\" content=\"fr_FR\" \/>\n<meta property=\"og:type\" content=\"article\" \/>\n<meta property=\"og:title\" content=\"Logiciel de caisse - Prosoft Services\" \/>\n<meta property=\"og:description\" content=\"GOLDPOS : Le logiciel de caisse tout-en-un, pens\u00e9 pour les commer\u00e7ants modernes Commer\u00e7ants, restaurateurs, boulangers, salons de coiffure&#8230; Simplifiez la gestion de votre activit\u00e9 avec GOLDPOS, un logiciel de caisse certifi\u00e9 NF525, ergonomique et intelligent. \u2705 Fonctionnalit\u00e9s principales \ud83e\udde0 Modules int\u00e9gr\u00e9s intelligents \ud83d\udd12 Conformit\u00e9 &amp; Performance \ud83c\udf1f Pourquoi choisir GOLDPOS ? \ud83d\udce6 Nos Packs GOLDPOS [&hellip;]\" \/>\n<meta property=\"og:url\" content=\"https:\/\/prosoftservices.fr\/index.php\/home\/logiciel-de-caisse-pour-restaurateurs\/\" \/>\n<meta property=\"og:site_name\" content=\"Prosoft Services\" \/>\n<meta property=\"article:modified_time\" content=\"2025-06-29T00:17:32+00:00\" \/>\n<meta property=\"og:image\" content=\"https:\/\/prosoftservices.fr\/wp-content\/uploads\/2025\/06\/capture-goldpos-1024x559.png\" \/>\n<meta name=\"twitter:card\" content=\"summary_large_image\" \/>\n<meta name=\"twitter:label1\" content=\"Dur\u00e9e de lecture estim\u00e9e\" \/>\n\t<meta name=\"twitter:data1\" content=\"2 minutes\" \/>\n<script type=\"application\/ld+json\" class=\"yoast-schema-graph\">{\"@context\":\"https:\/\/schema.org\",\"@graph\":[{\"@type\":\"WebPage\",\"@id\":\"https:\/\/prosoftservices.fr\/index.php\/home\/logiciel-de-caisse-pour-restaurateurs\/\",\"url\":\"https:\/\/prosoftservices.fr\/index.php\/home\/logiciel-de-caisse-pour-restaurateurs\/\",\"name\":\"Logiciel de caisse - Prosoft Services\",\"isPartOf\":{\"@id\":\"https:\/\/prosoftservices.fr\/#website\"},\"primaryImageOfPage\":{\"@id\":\"https:\/\/prosoftservices.fr\/index.php\/home\/logiciel-de-caisse-pour-restaurateurs\/#primaryimage\"},\"image\":{\"@id\":\"https:\/\/prosoftservices.fr\/index.php\/home\/logiciel-de-caisse-pour-restaurateurs\/#primaryimage\"},\"thumbnailUrl\":\"https:\/\/prosoftservices.fr\/wp-content\/uploads\/2025\/06\/capture-goldpos-1024x559.png\",\"datePublished\":\"2024-05-20T21:37:36+00:00\",\"dateModified\":\"2025-06-29T00:17:32+00:00\",\"breadcrumb\":{\"@id\":\"https:\/\/prosoftservices.fr\/index.php\/home\/logiciel-de-caisse-pour-restaurateurs\/#breadcrumb\"},\"inLanguage\":\"fr-FR\",\"potentialAction\":[{\"@type\":\"ReadAction\",\"target\":[\"https:\/\/prosoftservices.fr\/index.php\/home\/logiciel-de-caisse-pour-restaurateurs\/\"]}]},{\"@type\":\"ImageObject\",\"inLanguage\":\"fr-FR\",\"@id\":\"https:\/\/prosoftservices.fr\/index.php\/home\/logiciel-de-caisse-pour-restaurateurs\/#primaryimage\",\"url\":\"https:\/\/prosoftservices.fr\/wp-content\/uploads\/2025\/06\/capture-goldpos-scaled.png\",\"contentUrl\":\"https:\/\/prosoftservices.fr\/wp-content\/uploads\/2025\/06\/capture-goldpos-scaled.png\",\"width\":2560,\"height\":1398},{\"@type\":\"BreadcrumbList\",\"@id\":\"https:\/\/prosoftservices.fr\/index.php\/home\/logiciel-de-caisse-pour-restaurateurs\/#breadcrumb\",\"itemListElement\":[{\"@type\":\"ListItem\",\"position\":1,\"name\":\"Accueil\",\"item\":\"https:\/\/prosoftservices.fr\/\"},{\"@type\":\"ListItem\",\"position\":2,\"name\":\"Accueil\",\"item\":\"https:\/\/prosoftservices.fr\/\"},{\"@type\":\"ListItem\",\"position\":3,\"name\":\"Logiciel de caisse\"}]},{\"@type\":\"WebSite\",\"@id\":\"https:\/\/prosoftservices.fr\/#website\",\"url\":\"https:\/\/prosoftservices.fr\/\",\"name\":\"Prosoft Services - Agence NANCY\",\"description\":\"\",\"potentialAction\":[{\"@type\":\"SearchAction\",\"target\":{\"@type\":\"EntryPoint\",\"urlTemplate\":\"https:\/\/prosoftservices.fr\/?s={search_term_string}\"},\"query-input\":\"required name=search_term_string\"}],\"inLanguage\":\"fr-FR\"}]}<\/script>\n<!-- \/ Yoast SEO plugin. -->","yoast_head_json":{"title":"Logiciel de caisse - Prosoft Services","robots":{"index":"index","follow":"follow","max-snippet":"max-snippet:-1","max-image-preview":"max-image-preview:large","max-video-preview":"max-video-preview:-1"},"canonical":"https:\/\/prosoftservices.fr\/index.php\/home\/logiciel-de-caisse-pour-restaurateurs\/","og_locale":"fr_FR","og_type":"article","og_title":"Logiciel de caisse - Prosoft Services","og_description":"GOLDPOS : Le logiciel de caisse tout-en-un, pens\u00e9 pour les commer\u00e7ants modernes Commer\u00e7ants, restaurateurs, boulangers, salons de coiffure&#8230; Simplifiez la gestion de votre activit\u00e9 avec GOLDPOS, un logiciel de caisse certifi\u00e9 NF525, ergonomique et intelligent. \u2705 Fonctionnalit\u00e9s principales \ud83e\udde0 Modules int\u00e9gr\u00e9s intelligents \ud83d\udd12 Conformit\u00e9 &amp; Performance \ud83c\udf1f Pourquoi choisir GOLDPOS ? \ud83d\udce6 Nos Packs GOLDPOS [&hellip;]","og_url":"https:\/\/prosoftservices.fr\/index.php\/home\/logiciel-de-caisse-pour-restaurateurs\/","og_site_name":"Prosoft Services","article_modified_time":"2025-06-29T00:17:32+00:00","og_image":[{"url":"https:\/\/prosoftservices.fr\/wp-content\/uploads\/2025\/06\/capture-goldpos-1024x559.png"}],"twitter_card":"summary_large_image","twitter_misc":{"Dur\u00e9e de lecture estim\u00e9e":"2 minutes"},"schema":{"@context":"https:\/\/schema.org","@graph":[{"@type":"WebPage","@id":"https:\/\/prosoftservices.fr\/index.php\/home\/logiciel-de-caisse-pour-restaurateurs\/","url":"https:\/\/prosoftservices.fr\/index.php\/home\/logiciel-de-caisse-pour-restaurateurs\/","name":"Logiciel de caisse - Prosoft Services","isPartOf":{"@id":"https:\/\/prosoftservices.fr\/#website"},"primaryImageOfPage":{"@id":"https:\/\/prosoftservices.fr\/index.php\/home\/logiciel-de-caisse-pour-restaurateurs\/#primaryimage"},"image":{"@id":"https:\/\/prosoftservices.fr\/index.php\/home\/logiciel-de-caisse-pour-restaurateurs\/#primaryimage"},"thumbnailUrl":"https:\/\/prosoftservices.fr\/wp-content\/uploads\/2025\/06\/capture-goldpos-1024x559.png","datePublished":"2024-05-20T21:37:36+00:00","dateModified":"2025-06-29T00:17:32+00:00","breadcrumb":{"@id":"https:\/\/prosoftservices.fr\/index.php\/home\/logiciel-de-caisse-pour-restaurateurs\/#breadcrumb"},"inLanguage":"fr-FR","potentialAction":[{"@type":"ReadAction","target":["https:\/\/prosoftservices.fr\/index.php\/home\/logiciel-de-caisse-pour-restaurateurs\/"]}]},{"@type":"ImageObject","inLanguage":"fr-FR","@id":"https:\/\/prosoftservices.fr\/index.php\/home\/logiciel-de-caisse-pour-restaurateurs\/#primaryimage","url":"https:\/\/prosoftservices.fr\/wp-content\/uploads\/2025\/06\/capture-goldpos-scaled.png","contentUrl":"https:\/\/prosoftservices.fr\/wp-content\/uploads\/2025\/06\/capture-goldpos-scaled.png","width":2560,"height":1398},{"@type":"BreadcrumbList","@id":"https:\/\/prosoftservices.fr\/index.php\/home\/logiciel-de-caisse-pour-restaurateurs\/#breadcrumb","itemListElement":[{"@type":"ListItem","position":1,"name":"Accueil","item":"https:\/\/prosoftservices.fr\/"},{"@type":"ListItem","position":2,"name":"Accueil","item":"https:\/\/prosoftservices.fr\/"},{"@type":"ListItem","position":3,"name":"Logiciel de caisse"}]},{"@type":"WebSite","@id":"https:\/\/prosoftservices.fr\/#website","url":"https:\/\/prosoftservices.fr\/","name":"Prosoft Services - Agence NANCY","description":"","potentialAction":[{"@type":"SearchAction","target":{"@type":"EntryPoint","urlTemplate":"https:\/\/prosoftservices.fr\/?s={search_term_string}"},"query-input":"required name=search_term_string"}],"inLanguage":"fr-FR"}]}},"_links":{"self":[{"href":"https:\/\/prosoftservices.fr\/index.php\/wp-json\/wp\/v2\/pages\/2","targetHints":{"allow":["GET"]}}],"collection":[{"href":"https:\/\/prosoftservices.fr\/index.php\/wp-json\/wp\/v2\/pages"}],"about":[{"href":"https:\/\/prosoftservices.fr\/index.php\/wp-json\/wp\/v2\/types\/page"}],"author":[{"embeddable":true,"href":"https:\/\/prosoftservices.fr\/index.php\/wp-json\/wp\/v2\/users\/1"}],"replies":[{"embeddable":true,"href":"https:\/\/prosoftservices.fr\/index.php\/wp-json\/wp\/v2\/comments?post=2"}],"version-history":[{"count":55,"href":"https:\/\/prosoftservices.fr\/index.php\/wp-json\/wp\/v2\/pages\/2\/revisions"}],"predecessor-version":[{"id":496,"href":"https:\/\/prosoftservices.fr\/index.php\/wp-json\/wp\/v2\/pages\/2\/revisions\/496"}],"up":[{"embeddable":true,"href":"https:\/\/prosoftservices.fr\/index.php\/wp-json\/wp\/v2\/pages\/6"}],"wp:attachment":[{"href":"https:\/\/prosoftservices.fr\/index.php\/wp-json\/wp\/v2\/media?parent=2"}],"curies":[{"name":"wp","href":"https:\/\/api.w.org\/{rel}","templated":true}]}}