{"id":396,"date":"2025-06-10T17:27:20","date_gmt":"2025-06-10T15:27:20","guid":{"rendered":"https:\/\/prosoftservices.fr\/?page_id=396"},"modified":"2025-06-16T14:41:14","modified_gmt":"2025-06-16T12:41:14","slug":"demande-de-certificat-de-conformite","status":"publish","type":"page","link":"https:\/\/prosoftservices.fr\/index.php\/home\/demande-de-certificat-de-conformite\/","title":{"rendered":"Demande de certificat de conformit\u00e9"},"content":{"rendered":"\n<h2 class=\"wp-block-heading\">Demande de certificat de conformit\u00e9<\/h2>\n\n\n\n<p>Cette attestation est demand\u00e9e lors d&rsquo;un contr\u00f4le de l&rsquo;administration fiscale. <\/p>\n\n\n\n<p>Conform\u00e9ment \u00e0 l\u2019\u00e9volution de la <a href=\"https:\/\/www.economie.gouv.fr\/entreprises\/professionnels-certification-logiciels-systemes-caisse#:~:text=La%20loi%20de%20finances%20pour,conformit%C3%A9%20de%20l'outil%20utilis%C3%A9.\" target=\"_blank\" rel=\"noreferrer noopener\">r\u00e9glementation entr\u00e9e en vigueur en 2025<\/a>, notre logiciel de caisse GOLDPOS est en phase d&rsquo;engagement dans le processus de certification NF525.<\/p>\n\n\n\n<div class=\"wp-block-buttons is-content-justification-center is-layout-flex wp-container-core-buttons-is-layout-16018d1d wp-block-buttons-is-layout-flex\">\n<div class=\"wp-block-button is-style-3d\"><a class=\"wp-block-button__link has-text-align-center wp-element-button\">Voir la preuve d&rsquo;engagement<\/a><\/div>\n<\/div>\n\n\n\n<div class=\"wp-block-columns is-layout-flex wp-container-core-columns-is-layout-9d6595d7 wp-block-columns-is-layout-flex\">\n<div class=\"wp-block-column is-layout-flow wp-block-column-is-layout-flow\" style=\"flex-basis:100%\"><\/div>\n<\/div>\n\n\n<style id=\"wpforms-css-vars-root\">\n\t\t\t\t:root {\n\t\t\t\t\t--wpforms-field-border-radius: 3px;\n--wpforms-field-border-style: solid;\n--wpforms-field-border-size: 1px;\n--wpforms-field-background-color: #ffffff;\n--wpforms-field-border-color: rgba( 0, 0, 0, 0.25 );\n--wpforms-field-border-color-spare: rgba( 0, 0, 0, 0.25 );\n--wpforms-field-text-color: rgba( 0, 0, 0, 0.7 );\n--wpforms-field-menu-color: #ffffff;\n--wpforms-label-color: rgba( 0, 0, 0, 0.85 );\n--wpforms-label-sublabel-color: rgba( 0, 0, 0, 0.55 );\n--wpforms-label-error-color: #d63637;\n--wpforms-button-border-radius: 3px;\n--wpforms-button-border-style: none;\n--wpforms-button-border-size: 1px;\n--wpforms-button-background-color: #066aab;\n--wpforms-button-border-color: #066aab;\n--wpforms-button-text-color: #ffffff;\n--wpforms-page-break-color: #066aab;\n--wpforms-background-image: none;\n--wpforms-background-position: center center;\n--wpforms-background-repeat: no-repeat;\n--wpforms-background-size: cover;\n--wpforms-background-width: 100px;\n--wpforms-background-height: 100px;\n--wpforms-background-color: rgba( 0, 0, 0, 0 );\n--wpforms-background-url: none;\n--wpforms-container-padding: 0px;\n--wpforms-container-border-style: none;\n--wpforms-container-border-width: 1px;\n--wpforms-container-border-color: #000000;\n--wpforms-container-border-radius: 3px;\n--wpforms-field-size-input-height: 43px;\n--wpforms-field-size-input-spacing: 15px;\n--wpforms-field-size-font-size: 16px;\n--wpforms-field-size-line-height: 19px;\n--wpforms-field-size-padding-h: 14px;\n--wpforms-field-size-checkbox-size: 16px;\n--wpforms-field-size-sublabel-spacing: 5px;\n--wpforms-field-size-icon-size: 1;\n--wpforms-label-size-font-size: 16px;\n--wpforms-label-size-line-height: 19px;\n--wpforms-label-size-sublabel-font-size: 14px;\n--wpforms-label-size-sublabel-line-height: 17px;\n--wpforms-button-size-font-size: 17px;\n--wpforms-button-size-height: 41px;\n--wpforms-button-size-padding-h: 15px;\n--wpforms-button-size-margin-top: 10px;\n--wpforms-container-shadow-size-box-shadow: none;\n\n\t\t\t\t}\n\t\t\t<\/style><div class=\"wpforms-container wpforms-container-full wpforms-block wpforms-block-72573181-dbdd-40cb-8cbe-54cf0aab593a wpforms-render-modern\" id=\"wpforms-399\"><form id=\"wpforms-form-399\" class=\"wpforms-validate wpforms-form wpforms-ajax-form\" data-formid=\"399\" method=\"post\" enctype=\"multipart\/form-data\" action=\"\/index.php\/wp-json\/wp\/v2\/pages\/396\" data-token=\"d6690eb42624860fd7a5a88ebcd13ed4\" data-token-time=\"1777305616\"><noscript class=\"wpforms-error-noscript\">Veuillez activer JavaScript dans votre navigateur pour remplir ce formulaire.<\/noscript><div class=\"wpforms-hidden\" id=\"wpforms-error-noscript\">Veuillez activer JavaScript dans votre navigateur pour remplir ce formulaire.<\/div><div class=\"wpforms-field-container\"><div id=\"wpforms-399-field_7-container\" class=\"wpforms-field wpforms-field-name\" data-field-id=\"7\"><fieldset><legend class=\"wpforms-field-label\">Pr\u00e9nom et nom du repr\u00e9sentant l\u00e9gal de la soci\u00e9t\u00e9 <span class=\"wpforms-required-label\" aria-hidden=\"true\">*<\/span><\/legend><div class=\"wpforms-field-row wpforms-field-medium\"><div class=\"wpforms-field-row-block wpforms-first wpforms-one-half\"><input type=\"text\" id=\"wpforms-399-field_7\" class=\"wpforms-field-name-first wpforms-field-required\" name=\"wpforms[fields][7][first]\" aria-errormessage=\"wpforms-399-field_7-error\" required><label for=\"wpforms-399-field_7\" class=\"wpforms-field-sublabel after \">Pr\u00e9nom<\/label><\/div><div class=\"wpforms-field-row-block wpforms-one-half\"><input type=\"text\" id=\"wpforms-399-field_7-last\" class=\"wpforms-field-name-last wpforms-field-required\" name=\"wpforms[fields][7][last]\" aria-errormessage=\"wpforms-399-field_7-last-error\" required><label for=\"wpforms-399-field_7-last\" class=\"wpforms-field-sublabel after \">Nom<\/label><\/div><\/div><\/fieldset><\/div><div id=\"wpforms-399-field_8-container\" class=\"wpforms-field wpforms-field-text\" data-field-id=\"8\"><label class=\"wpforms-field-label\" for=\"wpforms-399-field_8\">D\u00e9nomination sociale<\/label><input type=\"text\" id=\"wpforms-399-field_8\" class=\"wpforms-field-medium\" name=\"wpforms[fields][8]\" aria-errormessage=\"wpforms-399-field_8-error\" ><\/div><div id=\"wpforms-399-field_9-container\" class=\"wpforms-field wpforms-field-text\" data-field-id=\"9\"><label class=\"wpforms-field-label\" for=\"wpforms-399-field_9\">Num\u00e9ro de SIRET<\/label><input type=\"text\" id=\"wpforms-399-field_9\" class=\"wpforms-field-medium\" name=\"wpforms[fields][9]\" aria-errormessage=\"wpforms-399-field_9-error\" ><\/div><div id=\"wpforms-399-field_4-container\" class=\"wpforms-field wpforms-field-email\" data-field-id=\"4\"><label class=\"wpforms-field-label\" for=\"wpforms-399-field_4\">E-mail <span class=\"wpforms-required-label\" aria-hidden=\"true\">*<\/span><\/label><input type=\"email\" id=\"wpforms-399-field_4\" class=\"wpforms-field-medium wpforms-field-required\" name=\"wpforms[fields][4]\" spellcheck=\"false\" aria-errormessage=\"wpforms-399-field_4-error\" required><\/div><div id=\"wpforms-399-field_2-container\" class=\"wpforms-field wpforms-field-textarea\" data-field-id=\"2\"><label class=\"wpforms-field-label\" for=\"wpforms-399-field_2\">Pr\u00e9cision sur la demande<\/label><textarea id=\"wpforms-399-field_2\" class=\"wpforms-field-medium\" name=\"wpforms[fields][2]\" aria-errormessage=\"wpforms-399-field_2-error\" ><\/textarea><\/div><\/div><!-- .wpforms-field-container --><div class=\"wpforms-submit-container\" ><input type=\"hidden\" name=\"wpforms[id]\" value=\"399\"><input type=\"hidden\" name=\"page_title\" value=\"\"><input type=\"hidden\" name=\"page_url\" value=\"https:\/\/prosoftservices.fr\/index.php\/wp-json\/wp\/v2\/pages\/396\"><button type=\"submit\" name=\"wpforms[submit]\" id=\"wpforms-submit-399\" class=\"wpforms-submit\" data-alt-text=\"Envoi...\" data-submit-text=\"Envoyer\" aria-live=\"assertive\" value=\"wpforms-submit\">Envoyer<\/button><img loading=\"lazy\" decoding=\"async\" src=\"https:\/\/prosoftservices.fr\/wp-content\/plugins\/wpforms-lite\/assets\/images\/submit-spin.svg\" class=\"wpforms-submit-spinner\" style=\"display: none;\" width=\"26\" height=\"26\" alt=\"Chargement en cours\"><\/div><\/form><\/div>  <!-- .wpforms-container -->","protected":false},"excerpt":{"rendered":"<p>Demande de certificat de conformit\u00e9 Cette attestation est demand\u00e9e lors d&rsquo;un contr\u00f4le de l&rsquo;administration fiscale. Conform\u00e9ment \u00e0 l\u2019\u00e9volution de la r\u00e9glementation entr\u00e9e en vigueur en 2025, notre logiciel de caisse GOLDPOS est en phase d&rsquo;engagement dans le processus de certification NF525.<\/p>\n","protected":false},"author":1,"featured_media":0,"parent":6,"menu_order":0,"comment_status":"closed","ping_status":"closed","template":"page-templates\/page-full-width.php","meta":{"_coblocks_attr":"","_coblocks_dimensions":"","_coblocks_responsive_height":"","_coblocks_accordion_ie_support":"","footnotes":""},"class_list":["post-396","page","type-page","status-publish","hentry"],"yoast_head":"<!-- This site is optimized with the Yoast SEO plugin v22.9 - https:\/\/yoast.com\/wordpress\/plugins\/seo\/ -->\n<title>Demande de certificat de conformit\u00e9 - Prosoft Services<\/title>\n<meta name=\"robots\" content=\"index, follow, max-snippet:-1, max-image-preview:large, max-video-preview:-1\" \/>\n<link rel=\"canonical\" href=\"https:\/\/prosoftservices.fr\/index.php\/home\/demande-de-certificat-de-conformite\/\" \/>\n<meta property=\"og:locale\" content=\"fr_FR\" \/>\n<meta property=\"og:type\" content=\"article\" \/>\n<meta property=\"og:title\" content=\"Demande de certificat de conformit\u00e9 - Prosoft Services\" \/>\n<meta property=\"og:description\" content=\"Demande de certificat de conformit\u00e9 Cette attestation est demand\u00e9e lors d&rsquo;un contr\u00f4le de l&rsquo;administration fiscale. Conform\u00e9ment \u00e0 l\u2019\u00e9volution de la r\u00e9glementation entr\u00e9e en vigueur en 2025, notre logiciel de caisse GOLDPOS est en phase d&rsquo;engagement dans le processus de certification NF525.\" \/>\n<meta property=\"og:url\" content=\"https:\/\/prosoftservices.fr\/index.php\/home\/demande-de-certificat-de-conformite\/\" \/>\n<meta property=\"og:site_name\" content=\"Prosoft Services\" \/>\n<meta property=\"article:modified_time\" content=\"2025-06-16T12:41:14+00:00\" \/>\n<meta name=\"twitter:card\" content=\"summary_large_image\" \/>\n<meta name=\"twitter:label1\" content=\"Dur\u00e9e de lecture estim\u00e9e\" \/>\n\t<meta name=\"twitter:data1\" content=\"1 minute\" \/>\n<script type=\"application\/ld+json\" class=\"yoast-schema-graph\">{\"@context\":\"https:\/\/schema.org\",\"@graph\":[{\"@type\":\"WebPage\",\"@id\":\"https:\/\/prosoftservices.fr\/index.php\/home\/demande-de-certificat-de-conformite\/\",\"url\":\"https:\/\/prosoftservices.fr\/index.php\/home\/demande-de-certificat-de-conformite\/\",\"name\":\"Demande de certificat de conformit\u00e9 - Prosoft Services\",\"isPartOf\":{\"@id\":\"https:\/\/prosoftservices.fr\/#website\"},\"datePublished\":\"2025-06-10T15:27:20+00:00\",\"dateModified\":\"2025-06-16T12:41:14+00:00\",\"breadcrumb\":{\"@id\":\"https:\/\/prosoftservices.fr\/index.php\/home\/demande-de-certificat-de-conformite\/#breadcrumb\"},\"inLanguage\":\"fr-FR\",\"potentialAction\":[{\"@type\":\"ReadAction\",\"target\":[\"https:\/\/prosoftservices.fr\/index.php\/home\/demande-de-certificat-de-conformite\/\"]}]},{\"@type\":\"BreadcrumbList\",\"@id\":\"https:\/\/prosoftservices.fr\/index.php\/home\/demande-de-certificat-de-conformite\/#breadcrumb\",\"itemListElement\":[{\"@type\":\"ListItem\",\"position\":1,\"name\":\"Accueil\",\"item\":\"https:\/\/prosoftservices.fr\/\"},{\"@type\":\"ListItem\",\"position\":2,\"name\":\"Accueil\",\"item\":\"https:\/\/prosoftservices.fr\/\"},{\"@type\":\"ListItem\",\"position\":3,\"name\":\"Demande de certificat de conformit\u00e9\"}]},{\"@type\":\"WebSite\",\"@id\":\"https:\/\/prosoftservices.fr\/#website\",\"url\":\"https:\/\/prosoftservices.fr\/\",\"name\":\"Prosoft Services - Agence NANCY\",\"description\":\"\",\"potentialAction\":[{\"@type\":\"SearchAction\",\"target\":{\"@type\":\"EntryPoint\",\"urlTemplate\":\"https:\/\/prosoftservices.fr\/?s={search_term_string}\"},\"query-input\":\"required name=search_term_string\"}],\"inLanguage\":\"fr-FR\"}]}<\/script>\n<!-- \/ Yoast SEO plugin. -->","yoast_head_json":{"title":"Demande de certificat de conformit\u00e9 - Prosoft Services","robots":{"index":"index","follow":"follow","max-snippet":"max-snippet:-1","max-image-preview":"max-image-preview:large","max-video-preview":"max-video-preview:-1"},"canonical":"https:\/\/prosoftservices.fr\/index.php\/home\/demande-de-certificat-de-conformite\/","og_locale":"fr_FR","og_type":"article","og_title":"Demande de certificat de conformit\u00e9 - Prosoft Services","og_description":"Demande de certificat de conformit\u00e9 Cette attestation est demand\u00e9e lors d&rsquo;un contr\u00f4le de l&rsquo;administration fiscale. Conform\u00e9ment \u00e0 l\u2019\u00e9volution de la r\u00e9glementation entr\u00e9e en vigueur en 2025, notre logiciel de caisse GOLDPOS est en phase d&rsquo;engagement dans le processus de certification NF525.","og_url":"https:\/\/prosoftservices.fr\/index.php\/home\/demande-de-certificat-de-conformite\/","og_site_name":"Prosoft Services","article_modified_time":"2025-06-16T12:41:14+00:00","twitter_card":"summary_large_image","twitter_misc":{"Dur\u00e9e de lecture estim\u00e9e":"1 minute"},"schema":{"@context":"https:\/\/schema.org","@graph":[{"@type":"WebPage","@id":"https:\/\/prosoftservices.fr\/index.php\/home\/demande-de-certificat-de-conformite\/","url":"https:\/\/prosoftservices.fr\/index.php\/home\/demande-de-certificat-de-conformite\/","name":"Demande de certificat de conformit\u00e9 - Prosoft Services","isPartOf":{"@id":"https:\/\/prosoftservices.fr\/#website"},"datePublished":"2025-06-10T15:27:20+00:00","dateModified":"2025-06-16T12:41:14+00:00","breadcrumb":{"@id":"https:\/\/prosoftservices.fr\/index.php\/home\/demande-de-certificat-de-conformite\/#breadcrumb"},"inLanguage":"fr-FR","potentialAction":[{"@type":"ReadAction","target":["https:\/\/prosoftservices.fr\/index.php\/home\/demande-de-certificat-de-conformite\/"]}]},{"@type":"BreadcrumbList","@id":"https:\/\/prosoftservices.fr\/index.php\/home\/demande-de-certificat-de-conformite\/#breadcrumb","itemListElement":[{"@type":"ListItem","position":1,"name":"Accueil","item":"https:\/\/prosoftservices.fr\/"},{"@type":"ListItem","position":2,"name":"Accueil","item":"https:\/\/prosoftservices.fr\/"},{"@type":"ListItem","position":3,"name":"Demande de certificat de conformit\u00e9"}]},{"@type":"WebSite","@id":"https:\/\/prosoftservices.fr\/#website","url":"https:\/\/prosoftservices.fr\/","name":"Prosoft Services - Agence NANCY","description":"","potentialAction":[{"@type":"SearchAction","target":{"@type":"EntryPoint","urlTemplate":"https:\/\/prosoftservices.fr\/?s={search_term_string}"},"query-input":"required name=search_term_string"}],"inLanguage":"fr-FR"}]}},"_links":{"self":[{"href":"https:\/\/prosoftservices.fr\/index.php\/wp-json\/wp\/v2\/pages\/396","targetHints":{"allow":["GET"]}}],"collection":[{"href":"https:\/\/prosoftservices.fr\/index.php\/wp-json\/wp\/v2\/pages"}],"about":[{"href":"https:\/\/prosoftservices.fr\/index.php\/wp-json\/wp\/v2\/types\/page"}],"author":[{"embeddable":true,"href":"https:\/\/prosoftservices.fr\/index.php\/wp-json\/wp\/v2\/users\/1"}],"replies":[{"embeddable":true,"href":"https:\/\/prosoftservices.fr\/index.php\/wp-json\/wp\/v2\/comments?post=396"}],"version-history":[{"count":6,"href":"https:\/\/prosoftservices.fr\/index.php\/wp-json\/wp\/v2\/pages\/396\/revisions"}],"predecessor-version":[{"id":415,"href":"https:\/\/prosoftservices.fr\/index.php\/wp-json\/wp\/v2\/pages\/396\/revisions\/415"}],"up":[{"embeddable":true,"href":"https:\/\/prosoftservices.fr\/index.php\/wp-json\/wp\/v2\/pages\/6"}],"wp:attachment":[{"href":"https:\/\/prosoftservices.fr\/index.php\/wp-json\/wp\/v2\/media?parent=396"}],"curies":[{"name":"wp","href":"https:\/\/api.w.org\/{rel}","templated":true}]}}