{"id":43,"date":"2024-05-21T01:33:12","date_gmt":"2024-05-20T23:33:12","guid":{"rendered":"https:\/\/prosoftservices.fr\/?page_id=43"},"modified":"2024-09-03T23:34:06","modified_gmt":"2024-09-03T21:34:06","slug":"contactez-nous","status":"publish","type":"page","link":"https:\/\/prosoftservices.fr\/index.php\/home\/contactez-nous\/","title":{"rendered":"Contactez-nous"},"content":{"rendered":"\n<div class=\"wp-block-columns is-layout-flex wp-container-core-columns-is-layout-9d6595d7 wp-block-columns-is-layout-flex\">\n<div class=\"wp-block-column is-layout-flow wp-block-column-is-layout-flow\">\n<h4 class=\"wp-block-heading has-text-align-center\"><strong>E-MAIL<\/strong><\/h4>\n\n\n\n<p class=\"has-text-align-center\"><a href=\"mailto:prosoft.services54@gmail.com\">prosoft.services54@gmail.com<\/a><\/p>\n\n\n\n<p class=\"has-text-align-center\">Pour un devis ou un renseignement ? N&rsquo;h\u00e9sitez pas \u00e0 nous contacter par mail. Notre \u00e9quipe se tient \u00e0 votre disposition.<\/p>\n<\/div>\n\n\n\n<div class=\"wp-block-column is-layout-flow wp-block-column-is-layout-flow\">\n<h4 class=\"wp-block-heading has-text-align-center\">TEL<\/h4>\n\n\n\n<p class=\"has-text-align-center\"><a href=\"tel:+33777974289\" data-type=\"tel\" data-id=\"tel:+33777974289\">+33 (0)7 77 97 42 89<\/a><\/p>\n\n\n\n<p class=\"has-text-align-center\">Pour un  renseignement ? Notre \u00e9quipe se tient \u00e0 votre disposition. Appelez-nous !<\/p>\n<\/div>\n\n\n\n<div class=\"wp-block-column is-layout-flow wp-block-column-is-layout-flow\">\n<h4 class=\"wp-block-heading has-text-align-center\">Si\u00e8ge social<\/h4>\n\n\n\n<p><\/p>\n\n\n\n<p class=\"has-text-align-center\">PROSOFT SERVICES 54, 110 Rue de Fontenay 94300 Vincennes<\/p>\n<\/div>\n<\/div>\n\n\n<style id=\"wpforms-css-vars-root\">\n\t\t\t\t:root {\n\t\t\t\t\t--wpforms-field-border-radius: 3px;\n--wpforms-field-border-style: solid;\n--wpforms-field-border-size: 1px;\n--wpforms-field-background-color: #ffffff;\n--wpforms-field-border-color: rgba( 0, 0, 0, 0.25 );\n--wpforms-field-border-color-spare: rgba( 0, 0, 0, 0.25 );\n--wpforms-field-text-color: rgba( 0, 0, 0, 0.7 );\n--wpforms-field-menu-color: #ffffff;\n--wpforms-label-color: rgba( 0, 0, 0, 0.85 );\n--wpforms-label-sublabel-color: rgba( 0, 0, 0, 0.55 );\n--wpforms-label-error-color: #d63637;\n--wpforms-button-border-radius: 3px;\n--wpforms-button-border-style: none;\n--wpforms-button-border-size: 1px;\n--wpforms-button-background-color: #066aab;\n--wpforms-button-border-color: #066aab;\n--wpforms-button-text-color: #ffffff;\n--wpforms-page-break-color: #066aab;\n--wpforms-background-image: none;\n--wpforms-background-position: center center;\n--wpforms-background-repeat: no-repeat;\n--wpforms-background-size: cover;\n--wpforms-background-width: 100px;\n--wpforms-background-height: 100px;\n--wpforms-background-color: rgba( 0, 0, 0, 0 );\n--wpforms-background-url: none;\n--wpforms-container-padding: 0px;\n--wpforms-container-border-style: none;\n--wpforms-container-border-width: 1px;\n--wpforms-container-border-color: #000000;\n--wpforms-container-border-radius: 3px;\n--wpforms-field-size-input-height: 43px;\n--wpforms-field-size-input-spacing: 15px;\n--wpforms-field-size-font-size: 16px;\n--wpforms-field-size-line-height: 19px;\n--wpforms-field-size-padding-h: 14px;\n--wpforms-field-size-checkbox-size: 16px;\n--wpforms-field-size-sublabel-spacing: 5px;\n--wpforms-field-size-icon-size: 1;\n--wpforms-label-size-font-size: 16px;\n--wpforms-label-size-line-height: 19px;\n--wpforms-label-size-sublabel-font-size: 14px;\n--wpforms-label-size-sublabel-line-height: 17px;\n--wpforms-button-size-font-size: 17px;\n--wpforms-button-size-height: 41px;\n--wpforms-button-size-padding-h: 15px;\n--wpforms-button-size-margin-top: 10px;\n--wpforms-container-shadow-size-box-shadow: none;\n\n\t\t\t\t}\n\t\t\t<\/style><div class=\"wpforms-container wpforms-container-full wpforms-block wpforms-block-56257ed0-5018-4c22-93c8-04de1901cad1 wpforms-render-modern\" id=\"wpforms-144\"><form id=\"wpforms-form-144\" class=\"wpforms-validate wpforms-form wpforms-ajax-form\" data-formid=\"144\" method=\"post\" enctype=\"multipart\/form-data\" action=\"\/index.php\/wp-json\/wp\/v2\/pages\/43\" data-token=\"ed2555ef93756de136d0b99d17fd2107\" data-token-time=\"1777300397\"><noscript class=\"wpforms-error-noscript\">Veuillez activer JavaScript dans votre navigateur pour remplir ce formulaire.<\/noscript><div class=\"wpforms-hidden\" id=\"wpforms-error-noscript\">Veuillez activer JavaScript dans votre navigateur pour remplir ce formulaire.<\/div><div class=\"wpforms-field-container\"><div id=\"wpforms-144-field_0-container\" class=\"wpforms-field wpforms-field-name\" data-field-id=\"0\"><fieldset><legend class=\"wpforms-field-label\">Nom <span class=\"wpforms-required-label\" aria-hidden=\"true\">*<\/span><\/legend><div class=\"wpforms-field-row wpforms-field-medium\"><div class=\"wpforms-field-row-block wpforms-first wpforms-one-half\"><input type=\"text\" id=\"wpforms-144-field_0\" class=\"wpforms-field-name-first wpforms-field-required\" name=\"wpforms[fields][0][first]\" aria-errormessage=\"wpforms-144-field_0-error\" required><label for=\"wpforms-144-field_0\" class=\"wpforms-field-sublabel after \">Pr\u00e9nom<\/label><\/div><div class=\"wpforms-field-row-block wpforms-one-half\"><input type=\"text\" id=\"wpforms-144-field_0-last\" class=\"wpforms-field-name-last wpforms-field-required\" name=\"wpforms[fields][0][last]\" aria-errormessage=\"wpforms-144-field_0-last-error\" required><label for=\"wpforms-144-field_0-last\" class=\"wpforms-field-sublabel after \">Nom<\/label><\/div><\/div><\/fieldset><\/div><div id=\"wpforms-144-field_1-container\" class=\"wpforms-field wpforms-field-email\" data-field-id=\"1\"><label class=\"wpforms-field-label\" for=\"wpforms-144-field_1\">E-mail <span class=\"wpforms-required-label\" aria-hidden=\"true\">*<\/span><\/label><input type=\"email\" id=\"wpforms-144-field_1\" class=\"wpforms-field-medium wpforms-field-required\" name=\"wpforms[fields][1]\" spellcheck=\"false\" aria-errormessage=\"wpforms-144-field_1-error\" required><\/div><div id=\"wpforms-144-field_2-container\" class=\"wpforms-field wpforms-field-textarea\" data-field-id=\"2\"><label class=\"wpforms-field-label\" for=\"wpforms-144-field_2\">Commentaire ou message<\/label><textarea id=\"wpforms-144-field_2\" class=\"wpforms-field-medium\" name=\"wpforms[fields][2]\" aria-errormessage=\"wpforms-144-field_2-error\" ><\/textarea><\/div><\/div><!-- .wpforms-field-container --><div class=\"wpforms-submit-container\" ><input type=\"hidden\" name=\"wpforms[id]\" value=\"144\"><input type=\"hidden\" name=\"page_title\" value=\"\"><input type=\"hidden\" name=\"page_url\" value=\"https:\/\/prosoftservices.fr\/index.php\/wp-json\/wp\/v2\/pages\/43\"><button type=\"submit\" name=\"wpforms[submit]\" id=\"wpforms-submit-144\" class=\"wpforms-submit\" data-alt-text=\"Envoi...\" data-submit-text=\"Envoyer\" aria-live=\"assertive\" value=\"wpforms-submit\">Envoyer<\/button><img loading=\"lazy\" decoding=\"async\" src=\"https:\/\/prosoftservices.fr\/wp-content\/plugins\/wpforms-lite\/assets\/images\/submit-spin.svg\" class=\"wpforms-submit-spinner\" style=\"display: none;\" width=\"26\" height=\"26\" alt=\"Chargement en cours\"><\/div><\/form><\/div>  <!-- .wpforms-container -->","protected":false},"excerpt":{"rendered":"<p>E-MAIL prosoft.services54@gmail.com Pour un devis ou un renseignement ? N&rsquo;h\u00e9sitez pas \u00e0 nous contacter par mail. Notre \u00e9quipe se tient \u00e0 votre disposition. TEL +33 (0)7 77 97 42 89 Pour un renseignement ? Notre \u00e9quipe se tient \u00e0 votre disposition. Appelez-nous ! Si\u00e8ge social PROSOFT SERVICES 54, 110 Rue de Fontenay 94300 Vincennes<\/p>\n","protected":false},"author":1,"featured_media":0,"parent":6,"menu_order":0,"comment_status":"closed","ping_status":"closed","template":"page-templates\/page-full-width.php","meta":{"_coblocks_attr":"","_coblocks_dimensions":"","_coblocks_responsive_height":"","_coblocks_accordion_ie_support":"","footnotes":""},"class_list":["post-43","page","type-page","status-publish","hentry"],"yoast_head":"<!-- This site is optimized with the Yoast SEO plugin v22.9 - https:\/\/yoast.com\/wordpress\/plugins\/seo\/ -->\n<title>Contactez-nous - Prosoft Services<\/title>\n<meta name=\"robots\" content=\"index, follow, max-snippet:-1, max-image-preview:large, max-video-preview:-1\" \/>\n<link rel=\"canonical\" href=\"https:\/\/prosoftservices.fr\/index.php\/home\/contactez-nous\/\" \/>\n<meta property=\"og:locale\" content=\"fr_FR\" \/>\n<meta property=\"og:type\" content=\"article\" \/>\n<meta property=\"og:title\" content=\"Contactez-nous - Prosoft Services\" \/>\n<meta property=\"og:description\" content=\"E-MAIL prosoft.services54@gmail.com Pour un devis ou un renseignement ? N&rsquo;h\u00e9sitez pas \u00e0 nous contacter par mail. Notre \u00e9quipe se tient \u00e0 votre disposition. TEL +33 (0)7 77 97 42 89 Pour un renseignement ? Notre \u00e9quipe se tient \u00e0 votre disposition. Appelez-nous ! Si\u00e8ge social PROSOFT SERVICES 54, 110 Rue de Fontenay 94300 Vincennes\" \/>\n<meta property=\"og:url\" content=\"https:\/\/prosoftservices.fr\/index.php\/home\/contactez-nous\/\" \/>\n<meta property=\"og:site_name\" content=\"Prosoft Services\" \/>\n<meta property=\"article:modified_time\" content=\"2024-09-03T21:34:06+00:00\" \/>\n<meta name=\"twitter:card\" content=\"summary_large_image\" \/>\n<meta name=\"twitter:label1\" content=\"Dur\u00e9e de lecture estim\u00e9e\" \/>\n\t<meta name=\"twitter:data1\" content=\"1 minute\" \/>\n<script type=\"application\/ld+json\" class=\"yoast-schema-graph\">{\"@context\":\"https:\/\/schema.org\",\"@graph\":[{\"@type\":\"WebPage\",\"@id\":\"https:\/\/prosoftservices.fr\/index.php\/home\/contactez-nous\/\",\"url\":\"https:\/\/prosoftservices.fr\/index.php\/home\/contactez-nous\/\",\"name\":\"Contactez-nous - Prosoft Services\",\"isPartOf\":{\"@id\":\"https:\/\/prosoftservices.fr\/#website\"},\"datePublished\":\"2024-05-20T23:33:12+00:00\",\"dateModified\":\"2024-09-03T21:34:06+00:00\",\"breadcrumb\":{\"@id\":\"https:\/\/prosoftservices.fr\/index.php\/home\/contactez-nous\/#breadcrumb\"},\"inLanguage\":\"fr-FR\",\"potentialAction\":[{\"@type\":\"ReadAction\",\"target\":[\"https:\/\/prosoftservices.fr\/index.php\/home\/contactez-nous\/\"]}]},{\"@type\":\"BreadcrumbList\",\"@id\":\"https:\/\/prosoftservices.fr\/index.php\/home\/contactez-nous\/#breadcrumb\",\"itemListElement\":[{\"@type\":\"ListItem\",\"position\":1,\"name\":\"Accueil\",\"item\":\"https:\/\/prosoftservices.fr\/\"},{\"@type\":\"ListItem\",\"position\":2,\"name\":\"Accueil\",\"item\":\"https:\/\/prosoftservices.fr\/\"},{\"@type\":\"ListItem\",\"position\":3,\"name\":\"Contactez-nous\"}]},{\"@type\":\"WebSite\",\"@id\":\"https:\/\/prosoftservices.fr\/#website\",\"url\":\"https:\/\/prosoftservices.fr\/\",\"name\":\"Prosoft Services - Agence NANCY\",\"description\":\"\",\"potentialAction\":[{\"@type\":\"SearchAction\",\"target\":{\"@type\":\"EntryPoint\",\"urlTemplate\":\"https:\/\/prosoftservices.fr\/?s={search_term_string}\"},\"query-input\":\"required name=search_term_string\"}],\"inLanguage\":\"fr-FR\"}]}<\/script>\n<!-- \/ Yoast SEO plugin. -->","yoast_head_json":{"title":"Contactez-nous - Prosoft Services","robots":{"index":"index","follow":"follow","max-snippet":"max-snippet:-1","max-image-preview":"max-image-preview:large","max-video-preview":"max-video-preview:-1"},"canonical":"https:\/\/prosoftservices.fr\/index.php\/home\/contactez-nous\/","og_locale":"fr_FR","og_type":"article","og_title":"Contactez-nous - Prosoft Services","og_description":"E-MAIL prosoft.services54@gmail.com Pour un devis ou un renseignement ? N&rsquo;h\u00e9sitez pas \u00e0 nous contacter par mail. Notre \u00e9quipe se tient \u00e0 votre disposition. TEL +33 (0)7 77 97 42 89 Pour un renseignement ? Notre \u00e9quipe se tient \u00e0 votre disposition. Appelez-nous ! Si\u00e8ge social PROSOFT SERVICES 54, 110 Rue de Fontenay 94300 Vincennes","og_url":"https:\/\/prosoftservices.fr\/index.php\/home\/contactez-nous\/","og_site_name":"Prosoft Services","article_modified_time":"2024-09-03T21:34:06+00:00","twitter_card":"summary_large_image","twitter_misc":{"Dur\u00e9e de lecture estim\u00e9e":"1 minute"},"schema":{"@context":"https:\/\/schema.org","@graph":[{"@type":"WebPage","@id":"https:\/\/prosoftservices.fr\/index.php\/home\/contactez-nous\/","url":"https:\/\/prosoftservices.fr\/index.php\/home\/contactez-nous\/","name":"Contactez-nous - Prosoft Services","isPartOf":{"@id":"https:\/\/prosoftservices.fr\/#website"},"datePublished":"2024-05-20T23:33:12+00:00","dateModified":"2024-09-03T21:34:06+00:00","breadcrumb":{"@id":"https:\/\/prosoftservices.fr\/index.php\/home\/contactez-nous\/#breadcrumb"},"inLanguage":"fr-FR","potentialAction":[{"@type":"ReadAction","target":["https:\/\/prosoftservices.fr\/index.php\/home\/contactez-nous\/"]}]},{"@type":"BreadcrumbList","@id":"https:\/\/prosoftservices.fr\/index.php\/home\/contactez-nous\/#breadcrumb","itemListElement":[{"@type":"ListItem","position":1,"name":"Accueil","item":"https:\/\/prosoftservices.fr\/"},{"@type":"ListItem","position":2,"name":"Accueil","item":"https:\/\/prosoftservices.fr\/"},{"@type":"ListItem","position":3,"name":"Contactez-nous"}]},{"@type":"WebSite","@id":"https:\/\/prosoftservices.fr\/#website","url":"https:\/\/prosoftservices.fr\/","name":"Prosoft Services - Agence NANCY","description":"","potentialAction":[{"@type":"SearchAction","target":{"@type":"EntryPoint","urlTemplate":"https:\/\/prosoftservices.fr\/?s={search_term_string}"},"query-input":"required name=search_term_string"}],"inLanguage":"fr-FR"}]}},"_links":{"self":[{"href":"https:\/\/prosoftservices.fr\/index.php\/wp-json\/wp\/v2\/pages\/43","targetHints":{"allow":["GET"]}}],"collection":[{"href":"https:\/\/prosoftservices.fr\/index.php\/wp-json\/wp\/v2\/pages"}],"about":[{"href":"https:\/\/prosoftservices.fr\/index.php\/wp-json\/wp\/v2\/types\/page"}],"author":[{"embeddable":true,"href":"https:\/\/prosoftservices.fr\/index.php\/wp-json\/wp\/v2\/users\/1"}],"replies":[{"embeddable":true,"href":"https:\/\/prosoftservices.fr\/index.php\/wp-json\/wp\/v2\/comments?post=43"}],"version-history":[{"count":9,"href":"https:\/\/prosoftservices.fr\/index.php\/wp-json\/wp\/v2\/pages\/43\/revisions"}],"predecessor-version":[{"id":285,"href":"https:\/\/prosoftservices.fr\/index.php\/wp-json\/wp\/v2\/pages\/43\/revisions\/285"}],"up":[{"embeddable":true,"href":"https:\/\/prosoftservices.fr\/index.php\/wp-json\/wp\/v2\/pages\/6"}],"wp:attachment":[{"href":"https:\/\/prosoftservices.fr\/index.php\/wp-json\/wp\/v2\/media?parent=43"}],"curies":[{"name":"wp","href":"https:\/\/api.w.org\/{rel}","templated":true}]}}