{"id":46,"date":"2024-05-21T01:34:17","date_gmt":"2024-05-20T23:34:17","guid":{"rendered":"https:\/\/prosoftservices.fr\/?page_id=46"},"modified":"2025-06-19T14:50:00","modified_gmt":"2025-06-19T12:50:00","slug":"nos-realisations","status":"publish","type":"page","link":"https:\/\/prosoftservices.fr\/index.php\/home\/nos-realisations\/","title":{"rendered":"Nos r\u00e9alisations"},"content":{"rendered":"\n<div style=\"height:100px\" aria-hidden=\"true\" class=\"wp-block-spacer\"><\/div>\n\n\n\n<section id=\"section-5431d8a8-d572-4522-a7da-e608bc65a755\" class=\"wp-block-gutentor-image-box gutentor-section gutentor-image-wrapper imagebox-template1 wow animated rotateIn coblocks-animate\" data-wow-animation=\"rotateIn\" data-wow-iteration=\"1\" data-coblocks-animation=\"slideInBottom\"><div class=\"grid-container\"><div class=\"gutentor-block-header\"><div class=\"gutentor-section-title enable-title-design seperator-bottom text-center\"><h2 class=\"gutentor-title\">Nos sites Web<\/h2><\/div><\/div><div class=\"grid-row gutentor-grid-item-wrap wow animated heartBeat\" data-wow-animation=\"heartBeat\" data-wow-iteration=\"1\"><div class=\"gutentor-grid-column grid-lg-4 grid-md-4 grid-12\"><div class=\"gutentor-single-item gutentor-image gutentor-single-item-0 g-single-column-link-enabled\"><div class=\"gutentor-single-item-wrap\"><div class=\"gutentor-single-item-image-box\"><div class=\"gutentor-image-thumb\"><img loading=\"lazy\" decoding=\"async\" class=\"normal-image\" src=\"https:\/\/prosoftservices.fr\/wp-content\/uploads\/2024\/05\/mondopizza57_fr_.png\" alt=\"\" height=\"1504\" width=\"512\"\/><\/div><\/div><div class=\"gutentor-single-item-content\"><h3 class=\"gutentor-single-item-title\"><a href=\"https:\/\/mondopizza57.fr\/\" data-type=\"link\" data-id=\"https:\/\/mondopizza57.fr\/\">Mondo Pizza Metz<\/a><\/h3><p class=\"gutentor-single-item-desc\">Restauration rapide<\/p><\/div><\/div><a class=\"gutentor-single-item-box-link gutentor-link\" href=\"https:\/\/mondopizza57.fr\/\" target=\"_blank\" rel=\"noopener noreferrer\"><\/a><\/div><\/div><div class=\"gutentor-grid-column grid-lg-4 grid-md-4 grid-12\"><div class=\"gutentor-single-item gutentor-image gutentor-single-item-1 g-single-column-link-enabled\"><div class=\"gutentor-single-item-wrap\"><div class=\"gutentor-single-item-image-box\"><div class=\"gutentor-image-thumb\"><img loading=\"lazy\" decoding=\"async\" class=\"normal-image\" src=\"https:\/\/prosoftservices.fr\/wp-content\/uploads\/2024\/05\/hotel-escurial_fr_-2.png\" alt=\"\" height=\"930\" width=\"512\"\/><\/div><\/div><div class=\"gutentor-single-item-content\"><h3 class=\"gutentor-single-item-title\"><a href=\"http:\/\/hotel-escurial.fr\/\">H\u00f4tel Escurial Metz<\/a><\/h3><p class=\"gutentor-single-item-desc\">H\u00f4tel<\/p><\/div><\/div><a class=\"gutentor-single-item-box-link gutentor-link\" href=\"http:\/\/hotel-escurial.fr\/\" target=\"_blank\" rel=\"noopener\"><\/a><\/div><\/div><div class=\"gutentor-grid-column grid-lg-4 grid-md-4 grid-12\"><div class=\"gutentor-single-item gutentor-image gutentor-single-item-2 g-single-column-link-enabled\"><div class=\"gutentor-single-item-wrap\"><div class=\"gutentor-single-item-image-box\"><div class=\"gutentor-image-thumb\"><img loading=\"lazy\" decoding=\"async\" class=\"normal-image\" src=\"https:\/\/prosoftservices.fr\/wp-content\/uploads\/2024\/05\/bm-technologies_fr_.png\" alt=\"\" height=\"1436\" width=\"512\"\/><\/div><\/div><div class=\"gutentor-single-item-content\"><h3 class=\"gutentor-single-item-title\"><a href=\"https:\/\/bm-technologies.fr\/\">BM Tech <\/a><\/h3><p class=\"gutentor-single-item-desc\">Soci\u00e9t\u00e9 de t\u00e9l\u00e9surveillance<\/p><\/div><\/div><a class=\"gutentor-single-item-box-link gutentor-link\" href=\"https:\/\/bm-technologies.fr\/\" target=\"_blank\" rel=\"noopener\"><\/a><\/div><\/div><div class=\"gutentor-grid-column grid-lg-4 grid-md-4 grid-12\"><div class=\"gutentor-single-item gutentor-image gutentor-single-item-3\"><div class=\"gutentor-single-item-wrap\"><div class=\"gutentor-single-item-image-box\"><div class=\"gutentor-image-thumb\"><img loading=\"lazy\" decoding=\"async\" class=\"normal-image\" src=\"https:\/\/prosoftservices.fr\/wp-content\/uploads\/2025\/06\/Technobuild-\u2013-Specialistes-en-renovation-installations-neuves-en-France-depuis-2022.png\" alt=\"\" height=\"1280\" width=\"1280\"\/><\/div><\/div><div class=\"gutentor-single-item-content\"><h3 class=\"gutentor-single-item-title\"><a href=\"https:\/\/technobuild.fr\">Technobuild<\/a><\/h3><p class=\"gutentor-single-item-desc\">BTP<\/p><\/div><\/div><\/div><\/div><\/div><\/div><\/section>\n\n\n\n<div style=\"height:100px\" aria-hidden=\"true\" class=\"wp-block-spacer\"><\/div>\n\n\n\n<hr class=\"wp-block-separator has-alpha-channel-opacity\"\/>\n\n\n\n<h2 class=\"wp-block-heading has-text-align-center\">Logiciels  de caisse <\/h2>\n\n\n\n<div style=\"height:100px\" aria-hidden=\"true\" class=\"wp-block-spacer\"><\/div>\n\n\n\n<div class=\"wp-block-columns is-layout-flex wp-container-core-columns-is-layout-9d6595d7 wp-block-columns-is-layout-flex\">\n<div class=\"wp-block-column is-layout-flow wp-block-column-is-layout-flow\">\n<figure class=\"wp-block-image size-full is-resized\"><img loading=\"lazy\" decoding=\"async\" width=\"322\" height=\"328\" src=\"https:\/\/prosoftservices.fr\/wp-content\/uploads\/2024\/05\/logo-mistral.png\" alt=\"\" class=\"wp-image-54\" style=\"width:130px;height:auto\" srcset=\"https:\/\/prosoftservices.fr\/wp-content\/uploads\/2024\/05\/logo-mistral.png 322w, https:\/\/prosoftservices.fr\/wp-content\/uploads\/2024\/05\/logo-mistral-295x300.png 295w\" sizes=\"auto, (max-width: 322px) 100vw, 322px\" \/><\/figure>\n<\/div>\n\n\n\n<div class=\"wp-block-column is-layout-flow wp-block-column-is-layout-flow\">\n<figure class=\"wp-block-image size-full is-resized\"><img loading=\"lazy\" decoding=\"async\" width=\"724\" height=\"634\" src=\"https:\/\/prosoftservices.fr\/wp-content\/uploads\/2024\/05\/Capture-decran-2024-05-24-a-01.00.17.png\" alt=\"\" class=\"wp-image-103\" style=\"width:153px;height:auto\" srcset=\"https:\/\/prosoftservices.fr\/wp-content\/uploads\/2024\/05\/Capture-decran-2024-05-24-a-01.00.17.png 724w, https:\/\/prosoftservices.fr\/wp-content\/uploads\/2024\/05\/Capture-decran-2024-05-24-a-01.00.17-600x525.png 600w, https:\/\/prosoftservices.fr\/wp-content\/uploads\/2024\/05\/Capture-decran-2024-05-24-a-01.00.17-300x263.png 300w\" sizes=\"auto, (max-width: 724px) 100vw, 724px\" \/><\/figure>\n<\/div>\n\n\n\n<div class=\"wp-block-column is-layout-flow wp-block-column-is-layout-flow\">\n<figure class=\"wp-block-image size-full is-resized\"><img loading=\"lazy\" decoding=\"async\" width=\"610\" height=\"553\" src=\"https:\/\/prosoftservices.fr\/wp-content\/uploads\/2024\/05\/logo-osto-1.jpg\" alt=\"\" class=\"wp-image-106\" style=\"width:148px;height:auto\" srcset=\"https:\/\/prosoftservices.fr\/wp-content\/uploads\/2024\/05\/logo-osto-1.jpg 610w, https:\/\/prosoftservices.fr\/wp-content\/uploads\/2024\/05\/logo-osto-1-600x544.jpg 600w, https:\/\/prosoftservices.fr\/wp-content\/uploads\/2024\/05\/logo-osto-1-300x272.jpg 300w\" sizes=\"auto, (max-width: 610px) 100vw, 610px\" \/><\/figure>\n<\/div>\n<\/div>\n\n\n\n<div class=\"wp-block-columns is-layout-flex wp-container-core-columns-is-layout-9d6595d7 wp-block-columns-is-layout-flex\">\n<div class=\"wp-block-column is-layout-flow wp-block-column-is-layout-flow\"><\/div>\n\n\n\n<div class=\"wp-block-column is-layout-flow wp-block-column-is-layout-flow\"><\/div>\n\n\n\n<div class=\"wp-block-column is-layout-flow wp-block-column-is-layout-flow\"><\/div>\n<\/div>\n","protected":false},"excerpt":{"rendered":"<p>Logiciels de caisse<\/p>\n","protected":false},"author":1,"featured_media":50,"parent":6,"menu_order":0,"comment_status":"closed","ping_status":"closed","template":"page-templates\/page-full-width.php","meta":{"_coblocks_attr":"","_coblocks_dimensions":"","_coblocks_responsive_height":"","_coblocks_accordion_ie_support":"","footnotes":""},"class_list":["post-46","page","type-page","status-publish","has-post-thumbnail","hentry"],"yoast_head":"<!-- This site is optimized with the Yoast SEO plugin v22.9 - https:\/\/yoast.com\/wordpress\/plugins\/seo\/ -->\n<title>Nos r\u00e9alisations - Prosoft Services<\/title>\n<meta name=\"robots\" content=\"index, follow, max-snippet:-1, max-image-preview:large, max-video-preview:-1\" \/>\n<link rel=\"canonical\" href=\"https:\/\/prosoftservices.fr\/index.php\/home\/nos-realisations\/\" \/>\n<meta property=\"og:locale\" content=\"fr_FR\" \/>\n<meta property=\"og:type\" content=\"article\" \/>\n<meta property=\"og:title\" content=\"Nos r\u00e9alisations - Prosoft Services\" \/>\n<meta property=\"og:description\" content=\"Logiciels de caisse\" \/>\n<meta property=\"og:url\" content=\"https:\/\/prosoftservices.fr\/index.php\/home\/nos-realisations\/\" \/>\n<meta property=\"og:site_name\" content=\"Prosoft Services\" \/>\n<meta property=\"article:modified_time\" content=\"2025-06-19T12:50:00+00:00\" \/>\n<meta property=\"og:image\" content=\"https:\/\/prosoftservices.fr\/wp-content\/uploads\/2024\/05\/logo-escurial.png\" \/>\n\t<meta property=\"og:image:width\" content=\"720\" \/>\n\t<meta property=\"og:image:height\" content=\"121\" \/>\n\t<meta property=\"og:image:type\" content=\"image\/png\" \/>\n<meta name=\"twitter:card\" content=\"summary_large_image\" \/>\n<meta name=\"twitter:label1\" content=\"Dur\u00e9e de lecture estim\u00e9e\" \/>\n\t<meta name=\"twitter:data1\" content=\"2 minutes\" \/>\n<script type=\"application\/ld+json\" class=\"yoast-schema-graph\">{\"@context\":\"https:\/\/schema.org\",\"@graph\":[{\"@type\":\"WebPage\",\"@id\":\"https:\/\/prosoftservices.fr\/index.php\/home\/nos-realisations\/\",\"url\":\"https:\/\/prosoftservices.fr\/index.php\/home\/nos-realisations\/\",\"name\":\"Nos r\u00e9alisations - Prosoft Services\",\"isPartOf\":{\"@id\":\"https:\/\/prosoftservices.fr\/#website\"},\"primaryImageOfPage\":{\"@id\":\"https:\/\/prosoftservices.fr\/index.php\/home\/nos-realisations\/#primaryimage\"},\"image\":{\"@id\":\"https:\/\/prosoftservices.fr\/index.php\/home\/nos-realisations\/#primaryimage\"},\"thumbnailUrl\":\"https:\/\/prosoftservices.fr\/wp-content\/uploads\/2024\/05\/logo-escurial.png\",\"datePublished\":\"2024-05-20T23:34:17+00:00\",\"dateModified\":\"2025-06-19T12:50:00+00:00\",\"breadcrumb\":{\"@id\":\"https:\/\/prosoftservices.fr\/index.php\/home\/nos-realisations\/#breadcrumb\"},\"inLanguage\":\"fr-FR\",\"potentialAction\":[{\"@type\":\"ReadAction\",\"target\":[\"https:\/\/prosoftservices.fr\/index.php\/home\/nos-realisations\/\"]}]},{\"@type\":\"ImageObject\",\"inLanguage\":\"fr-FR\",\"@id\":\"https:\/\/prosoftservices.fr\/index.php\/home\/nos-realisations\/#primaryimage\",\"url\":\"https:\/\/prosoftservices.fr\/wp-content\/uploads\/2024\/05\/logo-escurial.png\",\"contentUrl\":\"https:\/\/prosoftservices.fr\/wp-content\/uploads\/2024\/05\/logo-escurial.png\",\"width\":720,\"height\":121},{\"@type\":\"BreadcrumbList\",\"@id\":\"https:\/\/prosoftservices.fr\/index.php\/home\/nos-realisations\/#breadcrumb\",\"itemListElement\":[{\"@type\":\"ListItem\",\"position\":1,\"name\":\"Accueil\",\"item\":\"https:\/\/prosoftservices.fr\/\"},{\"@type\":\"ListItem\",\"position\":2,\"name\":\"Accueil\",\"item\":\"https:\/\/prosoftservices.fr\/\"},{\"@type\":\"ListItem\",\"position\":3,\"name\":\"Nos r\u00e9alisations\"}]},{\"@type\":\"WebSite\",\"@id\":\"https:\/\/prosoftservices.fr\/#website\",\"url\":\"https:\/\/prosoftservices.fr\/\",\"name\":\"Prosoft Services - Agence NANCY\",\"description\":\"\",\"potentialAction\":[{\"@type\":\"SearchAction\",\"target\":{\"@type\":\"EntryPoint\",\"urlTemplate\":\"https:\/\/prosoftservices.fr\/?s={search_term_string}\"},\"query-input\":\"required name=search_term_string\"}],\"inLanguage\":\"fr-FR\"}]}<\/script>\n<!-- \/ Yoast SEO plugin. -->","yoast_head_json":{"title":"Nos r\u00e9alisations - Prosoft Services","robots":{"index":"index","follow":"follow","max-snippet":"max-snippet:-1","max-image-preview":"max-image-preview:large","max-video-preview":"max-video-preview:-1"},"canonical":"https:\/\/prosoftservices.fr\/index.php\/home\/nos-realisations\/","og_locale":"fr_FR","og_type":"article","og_title":"Nos r\u00e9alisations - Prosoft Services","og_description":"Logiciels de caisse","og_url":"https:\/\/prosoftservices.fr\/index.php\/home\/nos-realisations\/","og_site_name":"Prosoft Services","article_modified_time":"2025-06-19T12:50:00+00:00","og_image":[{"width":720,"height":121,"url":"https:\/\/prosoftservices.fr\/wp-content\/uploads\/2024\/05\/logo-escurial.png","type":"image\/png"}],"twitter_card":"summary_large_image","twitter_misc":{"Dur\u00e9e de lecture estim\u00e9e":"2 minutes"},"schema":{"@context":"https:\/\/schema.org","@graph":[{"@type":"WebPage","@id":"https:\/\/prosoftservices.fr\/index.php\/home\/nos-realisations\/","url":"https:\/\/prosoftservices.fr\/index.php\/home\/nos-realisations\/","name":"Nos r\u00e9alisations - Prosoft Services","isPartOf":{"@id":"https:\/\/prosoftservices.fr\/#website"},"primaryImageOfPage":{"@id":"https:\/\/prosoftservices.fr\/index.php\/home\/nos-realisations\/#primaryimage"},"image":{"@id":"https:\/\/prosoftservices.fr\/index.php\/home\/nos-realisations\/#primaryimage"},"thumbnailUrl":"https:\/\/prosoftservices.fr\/wp-content\/uploads\/2024\/05\/logo-escurial.png","datePublished":"2024-05-20T23:34:17+00:00","dateModified":"2025-06-19T12:50:00+00:00","breadcrumb":{"@id":"https:\/\/prosoftservices.fr\/index.php\/home\/nos-realisations\/#breadcrumb"},"inLanguage":"fr-FR","potentialAction":[{"@type":"ReadAction","target":["https:\/\/prosoftservices.fr\/index.php\/home\/nos-realisations\/"]}]},{"@type":"ImageObject","inLanguage":"fr-FR","@id":"https:\/\/prosoftservices.fr\/index.php\/home\/nos-realisations\/#primaryimage","url":"https:\/\/prosoftservices.fr\/wp-content\/uploads\/2024\/05\/logo-escurial.png","contentUrl":"https:\/\/prosoftservices.fr\/wp-content\/uploads\/2024\/05\/logo-escurial.png","width":720,"height":121},{"@type":"BreadcrumbList","@id":"https:\/\/prosoftservices.fr\/index.php\/home\/nos-realisations\/#breadcrumb","itemListElement":[{"@type":"ListItem","position":1,"name":"Accueil","item":"https:\/\/prosoftservices.fr\/"},{"@type":"ListItem","position":2,"name":"Accueil","item":"https:\/\/prosoftservices.fr\/"},{"@type":"ListItem","position":3,"name":"Nos r\u00e9alisations"}]},{"@type":"WebSite","@id":"https:\/\/prosoftservices.fr\/#website","url":"https:\/\/prosoftservices.fr\/","name":"Prosoft Services - Agence NANCY","description":"","potentialAction":[{"@type":"SearchAction","target":{"@type":"EntryPoint","urlTemplate":"https:\/\/prosoftservices.fr\/?s={search_term_string}"},"query-input":"required name=search_term_string"}],"inLanguage":"fr-FR"}]}},"_links":{"self":[{"href":"https:\/\/prosoftservices.fr\/index.php\/wp-json\/wp\/v2\/pages\/46","targetHints":{"allow":["GET"]}}],"collection":[{"href":"https:\/\/prosoftservices.fr\/index.php\/wp-json\/wp\/v2\/pages"}],"about":[{"href":"https:\/\/prosoftservices.fr\/index.php\/wp-json\/wp\/v2\/types\/page"}],"author":[{"embeddable":true,"href":"https:\/\/prosoftservices.fr\/index.php\/wp-json\/wp\/v2\/users\/1"}],"replies":[{"embeddable":true,"href":"https:\/\/prosoftservices.fr\/index.php\/wp-json\/wp\/v2\/comments?post=46"}],"version-history":[{"count":60,"href":"https:\/\/prosoftservices.fr\/index.php\/wp-json\/wp\/v2\/pages\/46\/revisions"}],"predecessor-version":[{"id":448,"href":"https:\/\/prosoftservices.fr\/index.php\/wp-json\/wp\/v2\/pages\/46\/revisions\/448"}],"up":[{"embeddable":true,"href":"https:\/\/prosoftservices.fr\/index.php\/wp-json\/wp\/v2\/pages\/6"}],"wp:featuredmedia":[{"embeddable":true,"href":"https:\/\/prosoftservices.fr\/index.php\/wp-json\/wp\/v2\/media\/50"}],"wp:attachment":[{"href":"https:\/\/prosoftservices.fr\/index.php\/wp-json\/wp\/v2\/media?parent=46"}],"curies":[{"name":"wp","href":"https:\/\/api.w.org\/{rel}","templated":true}]}}